{"id":551,"date":"2024-04-24T16:53:20","date_gmt":"2024-04-24T15:53:20","guid":{"rendered":"https:\/\/cleantechnics.eu\/?post_type=product&#038;p=551"},"modified":"2025-08-25T12:43:10","modified_gmt":"2025-08-25T11:43:10","slug":"ar-clean","status":"publish","type":"product","link":"https:\/\/cleantechnics.eu\/nl\/product\/ar-clean\/","title":{"rendered":"AR Clean"},"content":{"rendered":"<div data-elementor-type=\"product-post\" data-elementor-id=\"551\" class=\"elementor elementor-551\" data-elementor-post-type=\"product\">\n\t\t\t\t<div class=\"elementor-element elementor-element-69645b5 e-flex e-con-boxed e-con e-parent\" data-id=\"69645b5\" data-element_type=\"container\" data-e-type=\"container\">\n\t\t\t\t\t<div class=\"e-con-inner\">\n\t\t\t\t<div class=\"elementor-element elementor-element-1919b7f9 elementor-widget elementor-widget-text-editor\" data-id=\"1919b7f9\" data-element_type=\"widget\" data-e-type=\"widget\" data-widget_type=\"text-editor.default\">\n\t\t\t\t<div class=\"elementor-widget-container\">\n\t\t\t\t\t\t\t\t\t<p>AR Clean is een milieuvriendelijke specifieke glasreiniger speciaal voor AR gecoat glas, met ingredi\u00ebnten van natuurlijke oorsprong. Het combineert uitstekende prestaties met optimale milieuvriendelijkheid.<\/p><p>Aanbevolen en goedgekeurd door\u00a0<strong>Saint Gobain, Havecon, Hu Yua-glas\u00a0<\/strong>voor veilig gebruik.<\/p><p>\u00a0VEILIGHEIDSREINIGINGSMIDDEL AR GECOAT GLAS<\/p><p>Licht is een belangrijke factor voor de groei van gewassen. Met AR-gecoat glas kan er meer licht in de kas worden gehaald. Regelmatig schoonmaken van het glas zorgt ook voor meer licht.<\/p><p>De fluorhoudende producten zijn zeker niet geschikt voor het reinigen van gehard, gecoat en diffuus glas. Bij diffuus glas is beschadiging van de structuur van het glas mogelijk. Bij gehard glas tasten fluorhoudende producten het glas aan en zorgen voor een lichte, blauwe waas. Bij gecoat glas beschadigen deze middelen de coating onherstelbaar. Zelfs als de coating zich aan de binnenkant van het glas bevindt, kunnen er bij het reinigen van alleen de buitenkant druppeltjes naar binnen sijpelen en schade aan het glas veroorzaken. Hogedrukreinigers kunnen ook coatings beschadigen.<\/p><p>Ecologische schoonmaakmiddelen zijn de laatste jaren in opkomst om schade aan coating of glas te voorkomen. Tuinders passen steeds meer glas toe met antireflectiecoatings. Zij vragen zich af welke manier de beste, snelste en veiligste manier is om het kasdek schoon te maken. Glasreinigers zijn hiervoor geschikt zonder de werking van de antireflectiecoating aan te tasten.<\/p><p>Om de extra investering in het duurdere gecoate glas voor meer licht in de kas niet te verliezen, moet onherstelbare schade aan het glasoppervlak worden voorkomen. Coatings die niet meer op het glas zitten, werken immers niet meer. Het reinigen van het glas moet daarom zowel aan de binnen- als buitenkant zorgvuldig gebeuren. Bij gebruik van sponzen en triggers op ge\u00ebtst glas kunnen er resten in de pori\u00ebn terechtkomen en de transmissie negatief be\u00efnvloeden.<\/p><p>Door middel van een onafhankelijke test uitgevoerd door DLV Glas is het effect op de transmissie op nieuw AR gecoat glas onderzocht bij gebruik van verschillende (ecologische) reinigingsmiddelen.<\/p><p>EFFECTIVITEIT IS SCHOON<\/p><p><img decoding=\"async\" class=\"alignnone wp-image-1064 size-full\" src=\"https:\/\/cleantechnics.eu\/wp-content\/uploads\/2024\/07\/arclean2.jpg\" alt=\"\" width=\"200\" height=\"142\" \/><br \/><img decoding=\"async\" class=\"alignnone size-full wp-image-1065\" src=\"https:\/\/cleantechnics.eu\/wp-content\/uploads\/2024\/07\/arclean1.jpg\" alt=\"\" width=\"200\" height=\"113\" \/><\/p><p>Op Anti-Reflex glas kunnen geen chemische middelen worden toegepast die in de tuinbouw gebruikelijk zijn voor het reinigen van glas. Deze middelen verwijderen een laag van het glas waarop de Anti-Reflex behandeling is uitgevoerd. Reinigen met deze middelen zal de werking van Anti-Reflex glas sterk verminderen. AR Clean is door verschillende AR-glasproducenten onderworpen aan een compatibiliteits- en effectiviteitstest. AR Clean tast de AR-coating niet aan, zelfs niet bij zeer hoge concentraties en frequente toepassing. AR Clean kwam zeer goed uit de effectiviteitstesten.<\/p><p><strong>De eerste m2<\/strong><\/p><p>Een paprikakwekerij was op zoek naar een reinigingsmiddel dat na het reinigen zorgt voor een verbeterde % transmissie en bovendien milieuvriendelijk is. In 2018 is de eerste kas gereinigd met AR Clean. Tijdens de teeltwisseling van 2019\/2020 zijn alle kassen met AR Clean gecoat glas gereinigd. Hieronder vindt u de resultaten van verschillende metingen\u00a0<strong>voor\u00a0<\/strong>En\u00a0<strong>na<\/strong>\u00a0reinigen van glas.<\/p><p>\u00a0Resultaten<\/p><ul><li>\u00a0Zeer zuinig in gebruik<\/li><li>Effect bij gebruik bij zeer lage concentratie<\/li><li>Meer dan 3%-transmissie<strong>\u00a0verbetering<\/strong>\u00a0na het reinigen met AR Clean<\/li><li>V\u00f3\u00f3r het reinigen met AR Clean\u00a0<strong>92,8\u00b10,69\u00a0<\/strong>(92.1- 93.5)<\/li><li>Na het reinigen met 2% AR Clean\u00a0<strong>96,6\u00b11,05<\/strong>\u00a0(95.5- 97.6)<\/li><li>Duurzaamheid, milieuvriendelijk<\/li><li>Verwijdert algen<\/li><\/ul>\t\t\t\t\t\t\t\t<\/div>\n\t\t\t\t<\/div>\n\t\t\t\t<div class=\"elementor-element elementor-element-33357ff elementor-widget elementor-widget-text-editor\" data-id=\"33357ff\" data-element_type=\"widget\" data-e-type=\"widget\" data-widget_type=\"text-editor.default\">\n\t\t\t\t<div class=\"elementor-widget-container\">\n\t\t\t\t\t\t\t\t\t<p><strong>Zeer warme en droge omstandigheden: In 2019 was een Friese tomatenteler een van de eerste ondernemers die het product AR Clean testte.<\/strong><\/p>\t\t\t\t\t\t\t\t<\/div>\n\t\t\t\t<\/div>\n\t\t\t\t<div class=\"elementor-element elementor-element-007ec32 elementor-widget elementor-widget-text-editor\" data-id=\"007ec32\" data-element_type=\"widget\" data-e-type=\"widget\" data-widget_type=\"text-editor.default\">\n\t\t\t\t<div class=\"elementor-widget-container\">\n\t\t\t\t\t\t\t\t\t<p><strong>We hadden toen een hittegolf van bijna 40 graden. Het reinigingsmiddel werkt het beste als het kort na het aanbrengen van het glas wordt gespoten.<\/strong><\/p>\t\t\t\t\t\t\t\t<\/div>\n\t\t\t\t<\/div>\n\t\t\t\t\t<\/div>\n\t\t\t\t<\/div>\n\t\t\t\t<\/div>","protected":false},"excerpt":{"rendered":"<ul>\n<li>Effectief op AR-gecoat glas en andere delicate oppervlakken.<\/li>\n<li>Geschikt voor gebruik op alle waterafwasbare oppervlakken inclusief glastuinbouw en zonnepanelen.<\/li>\n<li>Verwijdert effici\u00ebnt vet en olie van diverse oppervlakken zonder sterk alkalische ingredi\u00ebnten.<\/li>\n<li>Kan veilig worden gebruikt in zowel commerci\u00eble als huishoudelijke omgevingen.<\/li>\n<li>Ideaal voor omgevingen waar frequente schoonmaakwerkzaamheden nodig zijn zonder risico op huidirritatie.<\/li>\n<\/ul>","protected":false},"featured_media":1594,"comment_status":"open","ping_status":"closed","template":"","meta":[],"product_brand":[],"product_cat":[27],"product_tag":[],"class_list":{"0":"post-551","1":"product","2":"type-product","3":"status-publish","4":"has-post-thumbnail","6":"product_cat-uncategorized","8":"first","9":"instock","10":"shipping-taxable","11":"product-type-simple"},"yoast_head":"<!-- This site is optimized with the Yoast SEO Premium plugin v27.1 (Yoast SEO v27.3) - https:\/\/yoast.com\/product\/yoast-seo-premium-wordpress\/ -->\n<title>AR Clean - Cleantechnics<\/title>\n<meta name=\"robots\" content=\"index, follow, max-snippet:-1, max-image-preview:large, max-video-preview:-1\" \/>\n<link rel=\"canonical\" href=\"https:\/\/cleantechnics.eu\/nl\/product\/ar-clean\/\" \/>\n<meta property=\"og:locale\" content=\"nl_NL\" \/>\n<meta property=\"og:type\" content=\"article\" \/>\n<meta property=\"og:title\" content=\"AR Clean\" \/>\n<meta property=\"og:description\" content=\"Effective on AR-coated glass and other delicate surfaces.  Suitable for use on all water-washable surfaces including greenhouse horticulture and solar panels.  Efficiently removes grease and oil from various surfaces without strong alkaline ingredients.  Can be used safely in both commercial and domestic settings.  Ideal for environments requiring frequent cleaning tasks without risking skin irritation.\" \/>\n<meta property=\"og:url\" content=\"https:\/\/cleantechnics.eu\/nl\/product\/ar-clean\/\" \/>\n<meta property=\"og:site_name\" content=\"Cleantechnics\" \/>\n<meta property=\"article:publisher\" content=\"https:\/\/www.facebook.com\/cleantechnics.bv\" \/>\n<meta property=\"article:modified_time\" content=\"2025-08-25T11:43:10+00:00\" \/>\n<meta property=\"og:image\" content=\"https:\/\/cleantechnics.eu\/wp-content\/uploads\/2024\/04\/ar-clean-750x1000-1.png\" \/>\n\t<meta property=\"og:image:width\" content=\"750\" \/>\n\t<meta property=\"og:image:height\" content=\"1000\" \/>\n\t<meta property=\"og:image:type\" content=\"image\/png\" \/>\n<meta name=\"twitter:card\" content=\"summary_large_image\" \/>\n<meta name=\"twitter:site\" content=\"@Cleantechnics1\" \/>\n<meta name=\"twitter:label1\" content=\"Geschatte leestijd\" \/>\n\t<meta name=\"twitter:data1\" content=\"4 minuten\" \/>\n<script type=\"application\/ld+json\" class=\"yoast-schema-graph\">{\"@context\":\"https:\\\/\\\/schema.org\",\"@graph\":[{\"@type\":\"WebPage\",\"@id\":\"https:\\\/\\\/cleantechnics.eu\\\/nl\\\/product\\\/ar-clean\\\/\",\"url\":\"https:\\\/\\\/cleantechnics.eu\\\/nl\\\/product\\\/ar-clean\\\/\",\"name\":\"AR Clean - Cleantechnics\",\"isPartOf\":{\"@id\":\"https:\\\/\\\/cleantechnics.eu\\\/nl\\\/#website\"},\"primaryImageOfPage\":{\"@id\":\"https:\\\/\\\/cleantechnics.eu\\\/nl\\\/product\\\/ar-clean\\\/#primaryimage\"},\"image\":{\"@id\":\"https:\\\/\\\/cleantechnics.eu\\\/nl\\\/product\\\/ar-clean\\\/#primaryimage\"},\"thumbnailUrl\":\"https:\\\/\\\/cleantechnics.eu\\\/wp-content\\\/uploads\\\/2024\\\/04\\\/ar-clean-750x1000-1.png\",\"datePublished\":\"2024-04-24T15:53:20+00:00\",\"dateModified\":\"2025-08-25T11:43:10+00:00\",\"breadcrumb\":{\"@id\":\"https:\\\/\\\/cleantechnics.eu\\\/nl\\\/product\\\/ar-clean\\\/#breadcrumb\"},\"inLanguage\":\"nl-NL\",\"potentialAction\":[{\"@type\":\"ReadAction\",\"target\":[\"https:\\\/\\\/cleantechnics.eu\\\/nl\\\/product\\\/ar-clean\\\/\"]}]},{\"@type\":\"ImageObject\",\"inLanguage\":\"nl-NL\",\"@id\":\"https:\\\/\\\/cleantechnics.eu\\\/nl\\\/product\\\/ar-clean\\\/#primaryimage\",\"url\":\"https:\\\/\\\/cleantechnics.eu\\\/wp-content\\\/uploads\\\/2024\\\/04\\\/ar-clean-750x1000-1.png\",\"contentUrl\":\"https:\\\/\\\/cleantechnics.eu\\\/wp-content\\\/uploads\\\/2024\\\/04\\\/ar-clean-750x1000-1.png\",\"width\":750,\"height\":1000},{\"@type\":\"BreadcrumbList\",\"@id\":\"https:\\\/\\\/cleantechnics.eu\\\/nl\\\/product\\\/ar-clean\\\/#breadcrumb\",\"itemListElement\":[{\"@type\":\"ListItem\",\"position\":1,\"name\":\"Home\",\"item\":\"https:\\\/\\\/cleantechnics.eu\\\/nl\\\/\"},{\"@type\":\"ListItem\",\"position\":2,\"name\":\"Shop\",\"item\":\"http:\\\/\\\/cleantechnics.eu\\\/nl\\\/shop\\\/\"},{\"@type\":\"ListItem\",\"position\":3,\"name\":\"AR Clean\"}]},{\"@type\":\"WebSite\",\"@id\":\"https:\\\/\\\/cleantechnics.eu\\\/nl\\\/#website\",\"url\":\"https:\\\/\\\/cleantechnics.eu\\\/nl\\\/\",\"name\":\"Cleantechnics\",\"description\":\"\",\"potentialAction\":[{\"@type\":\"SearchAction\",\"target\":{\"@type\":\"EntryPoint\",\"urlTemplate\":\"https:\\\/\\\/cleantechnics.eu\\\/nl\\\/?s={search_term_string}\"},\"query-input\":{\"@type\":\"PropertyValueSpecification\",\"valueRequired\":true,\"valueName\":\"search_term_string\"}}],\"inLanguage\":\"nl-NL\"}]}<\/script>\n<!-- \/ Yoast SEO Premium plugin. -->","yoast_head_json":{"title":"AR Clean - Cleantechnics","robots":{"index":"index","follow":"follow","max-snippet":"max-snippet:-1","max-image-preview":"max-image-preview:large","max-video-preview":"max-video-preview:-1"},"canonical":"https:\/\/cleantechnics.eu\/nl\/product\/ar-clean\/","og_locale":"nl_NL","og_type":"article","og_title":"AR Clean","og_description":"Effective on AR-coated glass and other delicate surfaces.  Suitable for use on all water-washable surfaces including greenhouse horticulture and solar panels.  Efficiently removes grease and oil from various surfaces without strong alkaline ingredients.  Can be used safely in both commercial and domestic settings.  Ideal for environments requiring frequent cleaning tasks without risking skin irritation.","og_url":"https:\/\/cleantechnics.eu\/nl\/product\/ar-clean\/","og_site_name":"Cleantechnics","article_publisher":"https:\/\/www.facebook.com\/cleantechnics.bv","article_modified_time":"2025-08-25T11:43:10+00:00","og_image":[{"width":750,"height":1000,"url":"https:\/\/cleantechnics.eu\/wp-content\/uploads\/2024\/04\/ar-clean-750x1000-1.png","type":"image\/png"}],"twitter_card":"summary_large_image","twitter_site":"@Cleantechnics1","twitter_misc":{"Geschatte leestijd":"4 minuten"},"schema":{"@context":"https:\/\/schema.org","@graph":[{"@type":"WebPage","@id":"https:\/\/cleantechnics.eu\/nl\/product\/ar-clean\/","url":"https:\/\/cleantechnics.eu\/nl\/product\/ar-clean\/","name":"AR Clean - Cleantechnics","isPartOf":{"@id":"https:\/\/cleantechnics.eu\/nl\/#website"},"primaryImageOfPage":{"@id":"https:\/\/cleantechnics.eu\/nl\/product\/ar-clean\/#primaryimage"},"image":{"@id":"https:\/\/cleantechnics.eu\/nl\/product\/ar-clean\/#primaryimage"},"thumbnailUrl":"https:\/\/cleantechnics.eu\/wp-content\/uploads\/2024\/04\/ar-clean-750x1000-1.png","datePublished":"2024-04-24T15:53:20+00:00","dateModified":"2025-08-25T11:43:10+00:00","breadcrumb":{"@id":"https:\/\/cleantechnics.eu\/nl\/product\/ar-clean\/#breadcrumb"},"inLanguage":"nl-NL","potentialAction":[{"@type":"ReadAction","target":["https:\/\/cleantechnics.eu\/nl\/product\/ar-clean\/"]}]},{"@type":"ImageObject","inLanguage":"nl-NL","@id":"https:\/\/cleantechnics.eu\/nl\/product\/ar-clean\/#primaryimage","url":"https:\/\/cleantechnics.eu\/wp-content\/uploads\/2024\/04\/ar-clean-750x1000-1.png","contentUrl":"https:\/\/cleantechnics.eu\/wp-content\/uploads\/2024\/04\/ar-clean-750x1000-1.png","width":750,"height":1000},{"@type":"BreadcrumbList","@id":"https:\/\/cleantechnics.eu\/nl\/product\/ar-clean\/#breadcrumb","itemListElement":[{"@type":"ListItem","position":1,"name":"Home","item":"https:\/\/cleantechnics.eu\/nl\/"},{"@type":"ListItem","position":2,"name":"Shop","item":"http:\/\/cleantechnics.eu\/nl\/shop\/"},{"@type":"ListItem","position":3,"name":"AR Clean"}]},{"@type":"WebSite","@id":"https:\/\/cleantechnics.eu\/nl\/#website","url":"https:\/\/cleantechnics.eu\/nl\/","name":"Schone technieken","description":"","potentialAction":[{"@type":"SearchAction","target":{"@type":"EntryPoint","urlTemplate":"https:\/\/cleantechnics.eu\/nl\/?s={search_term_string}"},"query-input":{"@type":"PropertyValueSpecification","valueRequired":true,"valueName":"search_term_string"}}],"inLanguage":"nl-NL"}]}},"_links":{"self":[{"href":"https:\/\/cleantechnics.eu\/nl\/wp-json\/wp\/v2\/product\/551","targetHints":{"allow":["GET"]}}],"collection":[{"href":"https:\/\/cleantechnics.eu\/nl\/wp-json\/wp\/v2\/product"}],"about":[{"href":"https:\/\/cleantechnics.eu\/nl\/wp-json\/wp\/v2\/types\/product"}],"replies":[{"embeddable":true,"href":"https:\/\/cleantechnics.eu\/nl\/wp-json\/wp\/v2\/comments?post=551"}],"version-history":[{"count":0,"href":"https:\/\/cleantechnics.eu\/nl\/wp-json\/wp\/v2\/product\/551\/revisions"}],"wp:featuredmedia":[{"embeddable":true,"href":"https:\/\/cleantechnics.eu\/nl\/wp-json\/wp\/v2\/media\/1594"}],"wp:attachment":[{"href":"https:\/\/cleantechnics.eu\/nl\/wp-json\/wp\/v2\/media?parent=551"}],"wp:term":[{"taxonomy":"product_brand","embeddable":true,"href":"https:\/\/cleantechnics.eu\/nl\/wp-json\/wp\/v2\/product_brand?post=551"},{"taxonomy":"product_cat","embeddable":true,"href":"https:\/\/cleantechnics.eu\/nl\/wp-json\/wp\/v2\/product_cat?post=551"},{"taxonomy":"product_tag","embeddable":true,"href":"https:\/\/cleantechnics.eu\/nl\/wp-json\/wp\/v2\/product_tag?post=551"}],"curies":[{"name":"wp","href":"https:\/\/api.w.org\/{rel}","templated":true}]}}